{"id":1564,"date":"2023-11-14T02:20:57","date_gmt":"2023-11-14T01:20:57","guid":{"rendered":"https:\/\/vatanyolu.net\/?page_id=1564"},"modified":"2023-11-15T01:01:48","modified_gmt":"2023-11-15T00:01:48","slug":"alternatif-gumruk-kapilari","status":"publish","type":"page","link":"https:\/\/vatanyolu.net\/index.php\/alternatif-gumruk-kapilari\/","title":{"rendered":"Vatan Yolu Alternatif G\u00fcmr\u00fck Kap\u0131lar\u0131"},"content":{"rendered":"\n<p class=\"has-text-align-center\"><strong>Macaristan<\/strong><\/p>\n\n\n\n<figure class=\"wp-block-image size-large\"><img fetchpriority=\"high\" decoding=\"async\" width=\"1024\" height=\"1024\" src=\"https:\/\/vatanyolu.net\/wp-content\/uploads\/2023\/11\/5c0e7d68-e5d6-4eb6-acdb-6cefc2025b48-1024x1024.jpeg\" alt=\"\" class=\"wp-image-1565\" srcset=\"https:\/\/vatanyolu.net\/wp-content\/uploads\/2023\/11\/5c0e7d68-e5d6-4eb6-acdb-6cefc2025b48-1024x1024.jpeg 1024w, https:\/\/vatanyolu.net\/wp-content\/uploads\/2023\/11\/5c0e7d68-e5d6-4eb6-acdb-6cefc2025b48-300x300.jpeg 300w, https:\/\/vatanyolu.net\/wp-content\/uploads\/2023\/11\/5c0e7d68-e5d6-4eb6-acdb-6cefc2025b48-150x150.jpeg 150w, https:\/\/vatanyolu.net\/wp-content\/uploads\/2023\/11\/5c0e7d68-e5d6-4eb6-acdb-6cefc2025b48-768x768.jpeg 768w, https:\/\/vatanyolu.net\/wp-content\/uploads\/2023\/11\/5c0e7d68-e5d6-4eb6-acdb-6cefc2025b48.jpeg 1125w\" sizes=\"(max-width: 1024px) 100vw, 1024px\" \/><\/figure>\n\n\n\n<figure class=\"wp-block-image size-large\"><img decoding=\"async\" width=\"1024\" height=\"673\" src=\"https:\/\/vatanyolu.net\/wp-content\/uploads\/2023\/11\/Macaristan-Alternatif-Sinir-Kapilari-Haritasi-1024x673.png\" alt=\"\" class=\"wp-image-1604\" srcset=\"https:\/\/vatanyolu.net\/wp-content\/uploads\/2023\/11\/Macaristan-Alternatif-Sinir-Kapilari-Haritasi-1024x673.png 1024w, https:\/\/vatanyolu.net\/wp-content\/uploads\/2023\/11\/Macaristan-Alternatif-Sinir-Kapilari-Haritasi-300x197.png 300w, https:\/\/vatanyolu.net\/wp-content\/uploads\/2023\/11\/Macaristan-Alternatif-Sinir-Kapilari-Haritasi-768x505.png 768w, https:\/\/vatanyolu.net\/wp-content\/uploads\/2023\/11\/Macaristan-Alternatif-Sinir-Kapilari-Haritasi-1536x1010.png 1536w, https:\/\/vatanyolu.net\/wp-content\/uploads\/2023\/11\/Macaristan-Alternatif-Sinir-Kapilari-Haritasi-24x16.png 24w, https:\/\/vatanyolu.net\/wp-content\/uploads\/2023\/11\/Macaristan-Alternatif-Sinir-Kapilari-Haritasi-36x24.png 36w, https:\/\/vatanyolu.net\/wp-content\/uploads\/2023\/11\/Macaristan-Alternatif-Sinir-Kapilari-Haritasi-48x32.png 48w, https:\/\/vatanyolu.net\/wp-content\/uploads\/2023\/11\/Macaristan-Alternatif-Sinir-Kapilari-Haritasi.png 1908w\" sizes=\"(max-width: 1024px) 100vw, 1024px\" \/><\/figure>\n\n\n\n<p class=\"has-text-align-center\"><strong>S\u0131rbistan<\/strong><\/p>\n\n\n\n<figure class=\"wp-block-image size-large\"><img decoding=\"async\" width=\"1024\" height=\"1024\" src=\"https:\/\/vatanyolu.net\/wp-content\/uploads\/2023\/11\/Vatan-Yolu-SRB-Kapilari-1024x1024.png\" alt=\"\" class=\"wp-image-1606\" srcset=\"https:\/\/vatanyolu.net\/wp-content\/uploads\/2023\/11\/Vatan-Yolu-SRB-Kapilari-1024x1024.png 1024w, https:\/\/vatanyolu.net\/wp-content\/uploads\/2023\/11\/Vatan-Yolu-SRB-Kapilari-300x300.png 300w, https:\/\/vatanyolu.net\/wp-content\/uploads\/2023\/11\/Vatan-Yolu-SRB-Kapilari-150x150.png 150w, https:\/\/vatanyolu.net\/wp-content\/uploads\/2023\/11\/Vatan-Yolu-SRB-Kapilari-768x768.png 768w, https:\/\/vatanyolu.net\/wp-content\/uploads\/2023\/11\/Vatan-Yolu-SRB-Kapilari-1536x1536.png 1536w, https:\/\/vatanyolu.net\/wp-content\/uploads\/2023\/11\/Vatan-Yolu-SRB-Kapilari-24x24.png 24w, https:\/\/vatanyolu.net\/wp-content\/uploads\/2023\/11\/Vatan-Yolu-SRB-Kapilari-36x36.png 36w, https:\/\/vatanyolu.net\/wp-content\/uploads\/2023\/11\/Vatan-Yolu-SRB-Kapilari-48x48.png 48w, https:\/\/vatanyolu.net\/wp-content\/uploads\/2023\/11\/Vatan-Yolu-SRB-Kapilari.png 2048w\" sizes=\"(max-width: 1024px) 100vw, 1024px\" \/><\/figure>\n\n\n\n<p class=\"has-text-align-center\"><strong>Bulgaristan<\/strong><\/p>\n\n\n\n<figure class=\"wp-block-image size-large\"><img loading=\"lazy\" decoding=\"async\" width=\"1024\" height=\"470\" src=\"https:\/\/vatanyolu.net\/wp-content\/uploads\/2023\/11\/Pazarkule-1024x470.png\" alt=\"\" class=\"wp-image-1607\" srcset=\"https:\/\/vatanyolu.net\/wp-content\/uploads\/2023\/11\/Pazarkule-1024x470.png 1024w, https:\/\/vatanyolu.net\/wp-content\/uploads\/2023\/11\/Pazarkule-300x138.png 300w, https:\/\/vatanyolu.net\/wp-content\/uploads\/2023\/11\/Pazarkule-768x353.png 768w, https:\/\/vatanyolu.net\/wp-content\/uploads\/2023\/11\/Pazarkule-1536x705.png 1536w, https:\/\/vatanyolu.net\/wp-content\/uploads\/2023\/11\/Pazarkule-24x11.png 24w, https:\/\/vatanyolu.net\/wp-content\/uploads\/2023\/11\/Pazarkule-36x17.png 36w, https:\/\/vatanyolu.net\/wp-content\/uploads\/2023\/11\/Pazarkule-48x22.png 48w, https:\/\/vatanyolu.net\/wp-content\/uploads\/2023\/11\/Pazarkule.png 2048w\" sizes=\"(max-width: 1024px) 100vw, 1024px\" \/><\/figure>\n\n\n\n<p class=\"has-text-align-center\"><strong>Sayfadaki b\u00fct\u00fcn G\u00f6rselleri Kaydetip Payla\u015fabilirsiniz.<\/strong> <strong>Resimleri Yeniden D\u00fczenlemeyiniz.<\/strong> <strong>G\u00f6rseller Berker Balci taraf\u0131ndan Google Haritalar kullan\u0131larak tasarlanm\u0131\u015ft\u0131r ve sadece Vatan Yolu D\u00fczenegi ile ge\u00e7erlidir. <\/strong><\/p>\n\n\n\n<p class=\"has-text-align-center\"><strong>Vatan Yolu Haklar\u0131 Sakl\u0131d\u0131r \u00a9<\/strong><\/p>\n","protected":false},"excerpt":{"rendered":"<p>Macaristan S\u0131rbistan Bulgaristan Sayfadaki b\u00fct\u00fcn G\u00f6rselleri Kaydetip Payla\u015fabilirsiniz. Resimleri Yeniden<\/p>\n","protected":false},"author":1,"featured_media":0,"parent":0,"menu_order":0,"comment_status":"closed","ping_status":"closed","template":"","meta":{"footnotes":""},"class_list":["post-1564","page","type-page","status-publish","hentry"],"aioseo_notices":[],"_links":{"self":[{"href":"https:\/\/vatanyolu.net\/index.php\/wp-json\/wp\/v2\/pages\/1564","targetHints":{"allow":["GET"]}}],"collection":[{"href":"https:\/\/vatanyolu.net\/index.php\/wp-json\/wp\/v2\/pages"}],"about":[{"href":"https:\/\/vatanyolu.net\/index.php\/wp-json\/wp\/v2\/types\/page"}],"author":[{"embeddable":true,"href":"https:\/\/vatanyolu.net\/index.php\/wp-json\/wp\/v2\/users\/1"}],"replies":[{"embeddable":true,"href":"https:\/\/vatanyolu.net\/index.php\/wp-json\/wp\/v2\/comments?post=1564"}],"version-history":[{"count":5,"href":"https:\/\/vatanyolu.net\/index.php\/wp-json\/wp\/v2\/pages\/1564\/revisions"}],"predecessor-version":[{"id":1614,"href":"https:\/\/vatanyolu.net\/index.php\/wp-json\/wp\/v2\/pages\/1564\/revisions\/1614"}],"wp:attachment":[{"href":"https:\/\/vatanyolu.net\/index.php\/wp-json\/wp\/v2\/media?parent=1564"}],"curies":[{"name":"wp","href":"https:\/\/api.w.org\/{rel}","templated":true}]}}