{"id":1293,"date":"2023-10-22T06:10:00","date_gmt":"2023-10-22T04:10:00","guid":{"rendered":"https:\/\/vatanyolu.net\/?page_id=1293"},"modified":"2024-05-10T12:43:22","modified_gmt":"2024-05-10T10:43:22","slug":"e-vinyet-satin-al","status":"publish","type":"page","link":"https:\/\/vatanyolu.net\/index.php\/e-vinyet-satin-al\/","title":{"rendered":"E-Vinyet Sat\u0131n al"},"content":{"rendered":"\t\t<div data-elementor-type=\"wp-page\" data-elementor-id=\"1293\" class=\"elementor elementor-1293\">\n\t\t\t\t<div class=\"elementor-element elementor-element-35889af e-con-full e-flex e-con e-parent\" data-id=\"35889af\" data-element_type=\"container\" data-e-type=\"container\">\n\t\t<div class=\"elementor-element elementor-element-1dbf9a7 e-con-full e-flex e-con e-child\" data-id=\"1dbf9a7\" data-element_type=\"container\" data-e-type=\"container\">\n\t\t\t\t<div class=\"elementor-element elementor-element-43ccd9c elementor-widget__width-initial elementor-widget elementor-widget-heading\" data-id=\"43ccd9c\" data-element_type=\"widget\" data-e-type=\"widget\" data-widget_type=\"heading.default\">\n\t\t\t\t<div class=\"elementor-widget-container\">\n\t\t\t\t\t<h2 class=\"elementor-heading-title elementor-size-default\"><strong>Vatan Yolu \u00fczerinde Vinyet Gereken ve Vinyet gerekmeden Gi\u015fe \u00d6demesi mevcut olan \u00dclkeler:<\/strong><\/h2>\t\t\t\t<\/div>\n\t\t\t\t<\/div>\n\t\t\t\t<\/div>\n\t\t<div class=\"elementor-element elementor-element-685b57d e-con-full e-flex e-con e-child\" data-id=\"685b57d\" data-element_type=\"container\" data-e-type=\"container\">\n\t\t\t\t<div class=\"elementor-element elementor-element-5315c78 elementor-widget elementor-widget-image\" data-id=\"5315c78\" data-element_type=\"widget\" data-e-type=\"widget\" data-widget_type=\"image.default\">\n\t\t\t\t<div class=\"elementor-widget-container\">\n\t\t\t\t\t\t\t\t\t\t\t\t\t\t\t<img loading=\"lazy\" width=\"640\" height=\"636\" src=\"https:\/\/vatanyolu.net\/wp-content\/uploads\/2023\/10\/1eeb747c-8405-41aa-8405-3a8537250131-1024x1017.jpg\" class=\"attachment-large size-large wp-image-1169\" alt=\"1eeb747c-8405-41aa-8405-3a8537250131\" srcset=\"https:\/\/vatanyolu.net\/wp-content\/uploads\/2023\/10\/1eeb747c-8405-41aa-8405-3a8537250131-1024x1017.jpg 1024w, https:\/\/vatanyolu.net\/wp-content\/uploads\/2023\/10\/1eeb747c-8405-41aa-8405-3a8537250131-300x298.jpg 300w, https:\/\/vatanyolu.net\/wp-content\/uploads\/2023\/10\/1eeb747c-8405-41aa-8405-3a8537250131-150x150.jpg 150w, https:\/\/vatanyolu.net\/wp-content\/uploads\/2023\/10\/1eeb747c-8405-41aa-8405-3a8537250131-768x763.jpg 768w, https:\/\/vatanyolu.net\/wp-content\/uploads\/2023\/10\/1eeb747c-8405-41aa-8405-3a8537250131.jpg 1170w\" sizes=\"auto, (max-width: 640px) 100vw, 640px\" loading=\"lazy\" decoding=\"async\" \/>\t\t\t\t\t\t\t\t\t\t\t\t\t\t\t<\/div>\n\t\t\t\t<\/div>\n\t\t\t\t<\/div>\n\t\t\t\t<\/div>\n\t\t<div class=\"elementor-element elementor-element-62bbda6 e-flex e-con-boxed e-con e-parent\" data-id=\"62bbda6\" data-element_type=\"container\" data-e-type=\"container\">\n\t\t\t\t\t<div class=\"e-con-inner\">\n\t\t\t\t<div class=\"elementor-element elementor-element-078f7b9 elementor-widget elementor-widget-heading\" data-id=\"078f7b9\" data-element_type=\"widget\" data-e-type=\"widget\" data-widget_type=\"heading.default\">\n\t\t\t\t<div class=\"elementor-widget-container\">\n\t\t\t\t\t<h2 class=\"elementor-heading-title elementor-size-xl\"><a href=\"https:\/\/shop.asfinag.at\/tr\/\">AVUSTURYA \ud83c\udde6\ud83c\uddf9<\/a><\/h2>\t\t\t\t<\/div>\n\t\t\t\t<\/div>\n\t\t\t\t\t<\/div>\n\t\t\t\t<\/div>\n\t\t<div class=\"elementor-element elementor-element-d5b6f6e e-flex e-con-boxed e-con e-parent\" data-id=\"d5b6f6e\" data-element_type=\"container\" data-e-type=\"container\">\n\t\t\t\t\t<div class=\"e-con-inner\">\n\t\t\t\t<div class=\"elementor-element elementor-element-e8ff564 elementor-widget elementor-widget-heading\" data-id=\"e8ff564\" data-element_type=\"widget\" data-e-type=\"widget\" data-widget_type=\"heading.default\">\n\t\t\t\t<div class=\"elementor-widget-container\">\n\t\t\t\t\t<h2 class=\"elementor-heading-title elementor-size-xl\"><a href=\"https:\/\/via.admin.ch\/shop\/dashboard\">ISVI\u00c7RE \ud83c\udde8\ud83c\udded<\/a><\/h2>\t\t\t\t<\/div>\n\t\t\t\t<\/div>\n\t\t\t\t<div class=\"elementor-element elementor-element-5e05c27 elementor-widget elementor-widget-heading\" data-id=\"5e05c27\" data-element_type=\"widget\" data-e-type=\"widget\" data-widget_type=\"heading.default\">\n\t\t\t\t<div class=\"elementor-widget-container\">\n\t\t\t\t\t<h2 class=\"elementor-heading-title elementor-size-xl\"><a href=\"http:\/\/evinjeta.dars.si\/en\">SLOVENYA \ud83c\uddf8\ud83c\uddee<\/a><\/h2>\t\t\t\t<\/div>\n\t\t\t\t<\/div>\n\t\t\t\t<div class=\"elementor-element elementor-element-fe34fe8 elementor-widget elementor-widget-heading\" data-id=\"fe34fe8\" data-element_type=\"widget\" data-e-type=\"widget\" data-widget_type=\"heading.default\">\n\t\t\t\t<div class=\"elementor-widget-container\">\n\t\t\t\t\t<h2 class=\"elementor-heading-title elementor-size-xl\"><a href=\"https:\/\/eznamka.sk\">SLOVAKYA \ud83c\uddf8\ud83c\uddf0<\/a><\/h2>\t\t\t\t<\/div>\n\t\t\t\t<\/div>\n\t\t\t\t<div class=\"elementor-element elementor-element-08e6fe3 elementor-widget elementor-widget-heading\" data-id=\"08e6fe3\" data-element_type=\"widget\" data-e-type=\"widget\" data-widget_type=\"heading.default\">\n\t\t\t\t<div class=\"elementor-widget-container\">\n\t\t\t\t\t<h2 class=\"elementor-heading-title elementor-size-xl\"><a href=\"https:\/\/edalnice.cz\/en\/index.html\">\u00c7EKYA  \ud83c\udde8\ud83c\uddff<\/a><\/h2>\t\t\t\t<\/div>\n\t\t\t\t<\/div>\n\t\t\t\t<div class=\"elementor-element elementor-element-5c17d7d elementor-widget elementor-widget-heading\" data-id=\"5c17d7d\" data-element_type=\"widget\" data-e-type=\"widget\" data-widget_type=\"heading.default\">\n\t\t\t\t<div class=\"elementor-widget-container\">\n\t\t\t\t\t<h2 class=\"elementor-heading-title elementor-size-xl\"><a href=\"https:\/\/ematrica.nemzetiutdij.hu\/hu\/belepes\">MACAR\u0130STAN \ud83c\udded\ud83c\uddfa<\/a><\/h2>\t\t\t\t<\/div>\n\t\t\t\t<\/div>\n\t\t\t\t<div class=\"elementor-element elementor-element-e0b3ab8 elementor-widget elementor-widget-heading\" data-id=\"e0b3ab8\" data-element_type=\"widget\" data-e-type=\"widget\" data-widget_type=\"heading.default\">\n\t\t\t\t<div class=\"elementor-widget-container\">\n\t\t\t\t\t<h2 class=\"elementor-heading-title elementor-size-xl\"><a href=\"https:\/\/www.bgtoll.bg\/tr\">BULGAR\u0130STAN \ud83c\udde7\ud83c\uddec<\/a><\/h2>\t\t\t\t<\/div>\n\t\t\t\t<\/div>\n\t\t\t\t<div class=\"elementor-element elementor-element-64f6b9d elementor-widget elementor-widget-heading\" data-id=\"64f6b9d\" data-element_type=\"widget\" data-e-type=\"widget\" data-widget_type=\"heading.default\">\n\t\t\t\t<div class=\"elementor-widget-container\">\n\t\t\t\t\t<h2 class=\"elementor-heading-title elementor-size-xl\"><a href=\"https:\/\/www.roviniete.ro\/tr\/vignette\">ROMANYA \ud83c\uddf7\ud83c\uddf4<\/a><\/h2>\t\t\t\t<\/div>\n\t\t\t\t<\/div>\n\t\t\t\t<div class=\"elementor-element elementor-element-b622cdd elementor-widget elementor-widget-heading\" data-id=\"b622cdd\" data-element_type=\"widget\" data-e-type=\"widget\" data-widget_type=\"heading.default\">\n\t\t\t\t<div class=\"elementor-widget-container\">\n\t\t\t\t\t<h2 class=\"elementor-heading-title elementor-size-default\">Alternatif olarak Mevcut olan Vinyetleri A\u0219a\u011fadaki Sayfadan'da alabilirsiniz:<br><br><\/h2>\t\t\t\t<\/div>\n\t\t\t\t<\/div>\n\t\t\t\t<div class=\"elementor-element elementor-element-c9c276f elementor-widget elementor-widget-heading\" data-id=\"c9c276f\" data-element_type=\"widget\" data-e-type=\"widget\" data-widget_type=\"heading.default\">\n\t\t\t\t<div class=\"elementor-widget-container\">\n\t\t\t\t\t<h2 class=\"elementor-heading-title elementor-size-xl\"><a href=\"https:\/\/tolltickets.com\/\">TOLL TICKETS<\/a><\/h2>\t\t\t\t<\/div>\n\t\t\t\t<\/div>\n\t\t\t\t<div class=\"elementor-element elementor-element-671d7d2 elementor-widget elementor-widget-heading\" data-id=\"671d7d2\" data-element_type=\"widget\" data-e-type=\"widget\" data-widget_type=\"heading.default\">\n\t\t\t\t<div class=\"elementor-widget-container\">\n\t\t\t\t\t<h2 class=\"elementor-heading-title elementor-size-medium\">Vinyetleri \u00dclkelerin \u00fczerine basarak a\u00e7abilirsiniz<\/h2>\t\t\t\t<\/div>\n\t\t\t\t<\/div>\n\t\t\t\t<div class=\"elementor-element elementor-element-43a656a elementor-view-default elementor-widget elementor-widget-icon\" data-id=\"43a656a\" data-element_type=\"widget\" data-e-type=\"widget\" data-widget_type=\"icon.default\">\n\t\t\t\t<div class=\"elementor-widget-container\">\n\t\t\t\t\t\t\t<div class=\"elementor-icon-wrapper\">\n\t\t\t<div class=\"elementor-icon\">\n\t\t\t<i aria-hidden=\"true\" class=\"fas fa-star\"><\/i>\t\t\t<\/div>\n\t\t<\/div>\n\t\t\t\t\t\t<\/div>\n\t\t\t\t<\/div>\n\t\t\t\t\t<\/div>\n\t\t\t\t<\/div>\n\t\t\t\t<\/div>\n\t\t","protected":false},"excerpt":{"rendered":"<p>Vatan Yolu \u00fczerinde Vinyet Gereken ve Vinyet gerekmeden Gi\u015fe \u00d6demesi<\/p>\n","protected":false},"author":1,"featured_media":2225,"parent":0,"menu_order":0,"comment_status":"closed","ping_status":"closed","template":"","meta":{"footnotes":""},"class_list":["post-1293","page","type-page","status-publish","has-post-thumbnail","hentry"],"aioseo_notices":[],"_links":{"self":[{"href":"https:\/\/vatanyolu.net\/index.php\/wp-json\/wp\/v2\/pages\/1293","targetHints":{"allow":["GET"]}}],"collection":[{"href":"https:\/\/vatanyolu.net\/index.php\/wp-json\/wp\/v2\/pages"}],"about":[{"href":"https:\/\/vatanyolu.net\/index.php\/wp-json\/wp\/v2\/types\/page"}],"author":[{"embeddable":true,"href":"https:\/\/vatanyolu.net\/index.php\/wp-json\/wp\/v2\/users\/1"}],"replies":[{"embeddable":true,"href":"https:\/\/vatanyolu.net\/index.php\/wp-json\/wp\/v2\/comments?post=1293"}],"version-history":[{"count":58,"href":"https:\/\/vatanyolu.net\/index.php\/wp-json\/wp\/v2\/pages\/1293\/revisions"}],"predecessor-version":[{"id":1695,"href":"https:\/\/vatanyolu.net\/index.php\/wp-json\/wp\/v2\/pages\/1293\/revisions\/1695"}],"wp:featuredmedia":[{"embeddable":true,"href":"https:\/\/vatanyolu.net\/index.php\/wp-json\/wp\/v2\/media\/2225"}],"wp:attachment":[{"href":"https:\/\/vatanyolu.net\/index.php\/wp-json\/wp\/v2\/media?parent=1293"}],"curies":[{"name":"wp","href":"https:\/\/api.w.org\/{rel}","templated":true}]}}